{"id":49,"date":"2024-01-04T10:54:53","date_gmt":"2024-01-04T09:54:53","guid":{"rendered":"https:\/\/jotacan.es\/?page_id=49"},"modified":"2024-01-05T11:37:08","modified_gmt":"2024-01-05T10:37:08","slug":"contacto","status":"publish","type":"page","link":"https:\/\/jotacan.es\/en\/contacto\/","title":{"rendered":"Contact"},"content":{"rendered":"<div data-elementor-type=\"wp-page\" data-elementor-id=\"49\" class=\"elementor elementor-49\">\n\t\t\t\t\t\t<section class=\"elementor-section elementor-top-section elementor-element elementor-element-f0a4bef elementor-section-height-min-height elementor-section-full_width elementor-section-height-default elementor-section-items-middle\" data-id=\"f0a4bef\" data-element_type=\"section\" data-e-type=\"section\" data-settings=\"{&quot;background_background&quot;:&quot;classic&quot;}\">\n\t\t\t\t\t\t\t<div class=\"elementor-background-overlay\"><\/div>\n\t\t\t\t\t\t\t<div class=\"elementor-container elementor-column-gap-default\">\n\t\t\t\t\t<div class=\"elementor-column elementor-col-50 elementor-top-column elementor-element elementor-element-73be055\" data-id=\"73be055\" data-element_type=\"column\" data-e-type=\"column\" data-settings=\"{&quot;background_background&quot;:&quot;classic&quot;}\">\n\t\t\t<div class=\"elementor-widget-wrap elementor-element-populated\">\n\t\t\t\t\t\t<div class=\"elementor-element elementor-element-852af11 elementor-widget-mobile__width-inherit elementor-widget elementor-widget-heading\" data-id=\"852af11\" data-element_type=\"widget\" data-e-type=\"widget\" data-widget_type=\"heading.default\">\n\t\t\t\t<div class=\"elementor-widget-container\">\n\t\t\t\t\t<h2 class=\"elementor-heading-title elementor-size-default\">La educaci\u00f3n canina con la que solo dir\u00e1s<\/h2>\t\t\t\t<\/div>\n\t\t\t\t<\/div>\n\t\t\t\t<div class=\"elementor-element elementor-element-2cde15c elementor-widget elementor-widget-heading\" data-id=\"2cde15c\" data-element_type=\"widget\" data-e-type=\"widget\" data-widget_type=\"heading.default\">\n\t\t\t\t<div class=\"elementor-widget-container\">\n\t\t\t\t\t<h2 class=\"elementor-heading-title elementor-size-default\">GUAU!<\/h2>\t\t\t\t<\/div>\n\t\t\t\t<\/div>\n\t\t\t\t<div class=\"elementor-element elementor-element-863909e elementor-widget__width-initial elementor-widget elementor-widget-text-editor\" data-id=\"863909e\" data-element_type=\"widget\" data-e-type=\"widget\" data-widget_type=\"text-editor.default\">\n\t\t\t\t<div class=\"elementor-widget-container\">\n\t\t\t\t\t\t\t\t\t<p>Puedes ponerte en contacto con nosotros por tel\u00e9fono o whatsapp o ven a visitarnos<br \/><br \/>Cam. de Las Medinas,<br \/>Periurbano &#8211; Rural,<br \/>33391 Gij\u00f3n, Asturias<br \/><br \/><a href=\"http:\/\/tel.:+34686163527\/\" data-type=\"tel\" data-id=\"tel.:+34686163527\">+34 686 163 527<\/a><\/p>\t\t\t\t\t\t\t\t<\/div>\n\t\t\t\t<\/div>\n\t\t\t\t\t<\/div>\n\t\t<\/div>\n\t\t\t\t<div class=\"elementor-column elementor-col-50 elementor-top-column elementor-element elementor-element-877bb97\" data-id=\"877bb97\" data-element_type=\"column\" data-e-type=\"column\">\n\t\t\t<div class=\"elementor-widget-wrap\">\n\t\t\t\t\t\t\t<\/div>\n\t\t<\/div>\n\t\t\t\t\t<\/div>\n\t\t<\/section>\n\t\t\t\t<\/div>","protected":false},"excerpt":{"rendered":"<p>La educaci\u00f3n canina con la que solo dir\u00e1s GUAU! Puedes ponerte en contacto con nosotros por tel\u00e9fono o whatsapp o ven a visitarnos Cam. de Las Medinas,Periurbano &#8211; Rural,33391 Gij\u00f3n, Asturias +34 686 163 527<\/p>","protected":false},"author":1,"featured_media":0,"parent":0,"menu_order":0,"comment_status":"closed","ping_status":"closed","template":"","meta":{"site-sidebar-layout":"no-sidebar","site-content-layout":"","ast-site-content-layout":"full-width-container","site-content-style":"default","site-sidebar-style":"default","ast-global-header-display":"","ast-banner-title-visibility":"","ast-main-header-display":"","ast-hfb-above-header-display":"","ast-hfb-below-header-display":"","ast-hfb-mobile-header-display":"","site-post-title":"disabled","ast-breadcrumbs-content":"","ast-featured-img":"disabled","footer-sml-layout":"","ast-disable-related-posts":"","theme-transparent-header-meta":"","adv-header-id-meta":"","stick-header-meta":"","header-above-stick-meta":"","header-main-stick-meta":"","header-below-stick-meta":"","astra-migrate-meta-layouts":"default","ast-page-background-enabled":"default","ast-page-background-meta":{"desktop":{"background-color":"var(--ast-global-color-4)","background-image":"","background-repeat":"repeat","background-position":"center center","background-size":"auto","background-attachment":"scroll","background-type":"","background-media":"","overlay-type":"","overlay-color":"","overlay-opacity":"","overlay-gradient":""},"tablet":{"background-color":"","background-image":"","background-repeat":"repeat","background-position":"center center","background-size":"auto","background-attachment":"scroll","background-type":"","background-media":"","overlay-type":"","overlay-color":"","overlay-opacity":"","overlay-gradient":""},"mobile":{"background-color":"","background-image":"","background-repeat":"repeat","background-position":"center center","background-size":"auto","background-attachment":"scroll","background-type":"","background-media":"","overlay-type":"","overlay-color":"","overlay-opacity":"","overlay-gradient":""}},"ast-content-background-meta":{"desktop":{"background-color":"var(--ast-global-color-5)","background-image":"","background-repeat":"repeat","background-position":"center center","background-size":"auto","background-attachment":"scroll","background-type":"","background-media":"","overlay-type":"","overlay-color":"","overlay-opacity":"","overlay-gradient":""},"tablet":{"background-color":"var(--ast-global-color-5)","background-image":"","background-repeat":"repeat","background-position":"center center","background-size":"auto","background-attachment":"scroll","background-type":"","background-media":"","overlay-type":"","overlay-color":"","overlay-opacity":"","overlay-gradient":""},"mobile":{"background-color":"var(--ast-global-color-5)","background-image":"","background-repeat":"repeat","background-position":"center center","background-size":"auto","background-attachment":"scroll","background-type":"","background-media":"","overlay-type":"","overlay-color":"","overlay-opacity":"","overlay-gradient":""}},"_joinchat":[],"footnotes":""},"class_list":["post-49","page","type-page","status-publish","hentry"],"yoast_head":"<!-- This site is optimized with the Yoast SEO plugin v27.4 - https:\/\/yoast.com\/product\/yoast-seo-wordpress\/ -->\n<title>Contacto - Jotac&aacute;n, Adiestramiento y cuidado canino<\/title>\n<meta name=\"description\" content=\"Datos de contacto, tel\u00e9fono y direcci\u00f3n de Jotac\u00e1n, adiestramiento y cuidado canino en Gij\u00f3n, Asturias.\" \/>\n<meta name=\"robots\" content=\"index, follow, max-snippet:-1, max-image-preview:large, max-video-preview:-1\" \/>\n<link rel=\"canonical\" href=\"https:\/\/jotacan.es\/en\/contacto\/\" \/>\n<meta property=\"og:locale\" content=\"en_GB\" \/>\n<meta property=\"og:type\" content=\"article\" \/>\n<meta property=\"og:title\" content=\"Contacto - Jotac&aacute;n, Adiestramiento y cuidado canino\" \/>\n<meta property=\"og:description\" content=\"Datos de contacto, tel\u00e9fono y direcci\u00f3n de Jotac\u00e1n, adiestramiento y cuidado canino en Gij\u00f3n, Asturias.\" \/>\n<meta property=\"og:url\" content=\"https:\/\/jotacan.es\/en\/contacto\/\" \/>\n<meta property=\"og:site_name\" content=\"Jotac&aacute;n, Adiestramiento y cuidado canino\" \/>\n<meta property=\"article:modified_time\" content=\"2024-01-05T10:37:08+00:00\" \/>\n<meta name=\"twitter:card\" content=\"summary_large_image\" \/>\n<meta name=\"twitter:label1\" content=\"Estimated reading time\" \/>\n\t<meta name=\"twitter:data1\" content=\"1 minute\" \/>\n<script type=\"application\/ld+json\" class=\"yoast-schema-graph\">{\"@context\":\"https:\\\/\\\/schema.org\",\"@graph\":[{\"@type\":\"WebPage\",\"@id\":\"https:\\\/\\\/jotacan.es\\\/contacto\\\/\",\"url\":\"https:\\\/\\\/jotacan.es\\\/contacto\\\/\",\"name\":\"Contacto - Jotac&aacute;n, Adiestramiento y cuidado canino\",\"isPartOf\":{\"@id\":\"https:\\\/\\\/jotacan.es\\\/#website\"},\"datePublished\":\"2024-01-04T09:54:53+00:00\",\"dateModified\":\"2024-01-05T10:37:08+00:00\",\"description\":\"Datos de contacto, tel\u00e9fono y direcci\u00f3n de Jotac\u00e1n, adiestramiento y cuidado canino en Gij\u00f3n, Asturias.\",\"breadcrumb\":{\"@id\":\"https:\\\/\\\/jotacan.es\\\/contacto\\\/#breadcrumb\"},\"inLanguage\":\"en-GB\",\"potentialAction\":[{\"@type\":\"ReadAction\",\"target\":[\"https:\\\/\\\/jotacan.es\\\/contacto\\\/\"]}]},{\"@type\":\"BreadcrumbList\",\"@id\":\"https:\\\/\\\/jotacan.es\\\/contacto\\\/#breadcrumb\",\"itemListElement\":[{\"@type\":\"ListItem\",\"position\":1,\"name\":\"Portada\",\"item\":\"https:\\\/\\\/jotacan.es\\\/\"},{\"@type\":\"ListItem\",\"position\":2,\"name\":\"Contacto\"}]},{\"@type\":\"WebSite\",\"@id\":\"https:\\\/\\\/jotacan.es\\\/#website\",\"url\":\"https:\\\/\\\/jotacan.es\\\/\",\"name\":\"Jotac&aacute;n, Adiestramiento y cuidado canino\",\"description\":\"Especialistas en adiestramiento y cuidado de perros en Asturias\",\"publisher\":{\"@id\":\"https:\\\/\\\/jotacan.es\\\/#organization\"},\"potentialAction\":[{\"@type\":\"SearchAction\",\"target\":{\"@type\":\"EntryPoint\",\"urlTemplate\":\"https:\\\/\\\/jotacan.es\\\/?s={search_term_string}\"},\"query-input\":{\"@type\":\"PropertyValueSpecification\",\"valueRequired\":true,\"valueName\":\"search_term_string\"}}],\"inLanguage\":\"en-GB\"},{\"@type\":\"Organization\",\"@id\":\"https:\\\/\\\/jotacan.es\\\/#organization\",\"name\":\"Jotac&aacute;n, Adiestramiento y cuidado canino\",\"url\":\"https:\\\/\\\/jotacan.es\\\/\",\"logo\":{\"@type\":\"ImageObject\",\"inLanguage\":\"en-GB\",\"@id\":\"https:\\\/\\\/jotacan.es\\\/#\\\/schema\\\/logo\\\/image\\\/\",\"url\":\"https:\\\/\\\/jotacan.es\\\/wp-content\\\/uploads\\\/2024\\\/01\\\/jotacanIcono.png\",\"contentUrl\":\"https:\\\/\\\/jotacan.es\\\/wp-content\\\/uploads\\\/2024\\\/01\\\/jotacanIcono.png\",\"width\":1080,\"height\":1080,\"caption\":\"Jotac&aacute;n, Adiestramiento y cuidado canino\"},\"image\":{\"@id\":\"https:\\\/\\\/jotacan.es\\\/#\\\/schema\\\/logo\\\/image\\\/\"}}]}<\/script>\n<!-- \/ Yoast SEO plugin. -->","yoast_head_json":{"title":"Contacto - Jotac&aacute;n, Adiestramiento y cuidado canino","description":"Datos de contacto, tel\u00e9fono y direcci\u00f3n de Jotac\u00e1n, adiestramiento y cuidado canino en Gij\u00f3n, Asturias.","robots":{"index":"index","follow":"follow","max-snippet":"max-snippet:-1","max-image-preview":"max-image-preview:large","max-video-preview":"max-video-preview:-1"},"canonical":"https:\/\/jotacan.es\/en\/contacto\/","og_locale":"en_GB","og_type":"article","og_title":"Contacto - Jotac&aacute;n, Adiestramiento y cuidado canino","og_description":"Datos de contacto, tel\u00e9fono y direcci\u00f3n de Jotac\u00e1n, adiestramiento y cuidado canino en Gij\u00f3n, Asturias.","og_url":"https:\/\/jotacan.es\/en\/contacto\/","og_site_name":"Jotac&aacute;n, Adiestramiento y cuidado canino","article_modified_time":"2024-01-05T10:37:08+00:00","twitter_card":"summary_large_image","twitter_misc":{"Estimated reading time":"1 minute"},"schema":{"@context":"https:\/\/schema.org","@graph":[{"@type":"WebPage","@id":"https:\/\/jotacan.es\/contacto\/","url":"https:\/\/jotacan.es\/contacto\/","name":"Contacto - Jotac&aacute;n, Adiestramiento y cuidado canino","isPartOf":{"@id":"https:\/\/jotacan.es\/#website"},"datePublished":"2024-01-04T09:54:53+00:00","dateModified":"2024-01-05T10:37:08+00:00","description":"Datos de contacto, tel\u00e9fono y direcci\u00f3n de Jotac\u00e1n, adiestramiento y cuidado canino en Gij\u00f3n, Asturias.","breadcrumb":{"@id":"https:\/\/jotacan.es\/contacto\/#breadcrumb"},"inLanguage":"en-GB","potentialAction":[{"@type":"ReadAction","target":["https:\/\/jotacan.es\/contacto\/"]}]},{"@type":"BreadcrumbList","@id":"https:\/\/jotacan.es\/contacto\/#breadcrumb","itemListElement":[{"@type":"ListItem","position":1,"name":"Portada","item":"https:\/\/jotacan.es\/"},{"@type":"ListItem","position":2,"name":"Contacto"}]},{"@type":"WebSite","@id":"https:\/\/jotacan.es\/#website","url":"https:\/\/jotacan.es\/","name":"Jotac&aacute;n, Adiestramiento y cuidado canino","description":"Especialistas en adiestramiento y cuidado de perros en Asturias","publisher":{"@id":"https:\/\/jotacan.es\/#organization"},"potentialAction":[{"@type":"SearchAction","target":{"@type":"EntryPoint","urlTemplate":"https:\/\/jotacan.es\/?s={search_term_string}"},"query-input":{"@type":"PropertyValueSpecification","valueRequired":true,"valueName":"search_term_string"}}],"inLanguage":"en-GB"},{"@type":"Organization","@id":"https:\/\/jotacan.es\/#organization","name":"Jotac&aacute;n, Adiestramiento y cuidado canino","url":"https:\/\/jotacan.es\/","logo":{"@type":"ImageObject","inLanguage":"en-GB","@id":"https:\/\/jotacan.es\/#\/schema\/logo\/image\/","url":"https:\/\/jotacan.es\/wp-content\/uploads\/2024\/01\/jotacanIcono.png","contentUrl":"https:\/\/jotacan.es\/wp-content\/uploads\/2024\/01\/jotacanIcono.png","width":1080,"height":1080,"caption":"Jotac&aacute;n, Adiestramiento y cuidado canino"},"image":{"@id":"https:\/\/jotacan.es\/#\/schema\/logo\/image\/"}}]}},"_links":{"self":[{"href":"https:\/\/jotacan.es\/en\/wp-json\/wp\/v2\/pages\/49","targetHints":{"allow":["GET"]}}],"collection":[{"href":"https:\/\/jotacan.es\/en\/wp-json\/wp\/v2\/pages"}],"about":[{"href":"https:\/\/jotacan.es\/en\/wp-json\/wp\/v2\/types\/page"}],"author":[{"embeddable":true,"href":"https:\/\/jotacan.es\/en\/wp-json\/wp\/v2\/users\/1"}],"replies":[{"embeddable":true,"href":"https:\/\/jotacan.es\/en\/wp-json\/wp\/v2\/comments?post=49"}],"version-history":[{"count":25,"href":"https:\/\/jotacan.es\/en\/wp-json\/wp\/v2\/pages\/49\/revisions"}],"predecessor-version":[{"id":400,"href":"https:\/\/jotacan.es\/en\/wp-json\/wp\/v2\/pages\/49\/revisions\/400"}],"wp:attachment":[{"href":"https:\/\/jotacan.es\/en\/wp-json\/wp\/v2\/media?parent=49"}],"curies":[{"name":"wp","href":"https:\/\/api.w.org\/{rel}","templated":true}]}}