{"id":213,"date":"2024-01-04T14:18:16","date_gmt":"2024-01-04T13:18:16","guid":{"rendered":"https:\/\/jotacan.es\/?page_id=213"},"modified":"2024-01-05T11:23:29","modified_gmt":"2024-01-05T10:23:29","slug":"aviso-legal","status":"publish","type":"page","link":"https:\/\/jotacan.es\/en\/aviso-legal\/","title":{"rendered":"Aviso Legal"},"content":{"rendered":"<div data-elementor-type=\"wp-page\" data-elementor-id=\"213\" class=\"elementor elementor-213\">\n\t\t\t\t\t\t<section class=\"elementor-section elementor-top-section elementor-element elementor-element-f0a4bef elementor-section-full_width elementor-section-height-default elementor-section-height-default\" data-id=\"f0a4bef\" data-element_type=\"section\" data-e-type=\"section\" data-settings=\"{&quot;background_background&quot;:&quot;classic&quot;}\">\n\t\t\t\t\t\t\t<div class=\"elementor-background-overlay\"><\/div>\n\t\t\t\t\t\t\t<div class=\"elementor-container elementor-column-gap-default\">\n\t\t\t\t\t<div class=\"elementor-column elementor-col-100 elementor-top-column elementor-element elementor-element-73be055\" data-id=\"73be055\" data-element_type=\"column\" data-e-type=\"column\">\n\t\t\t<div class=\"elementor-widget-wrap elementor-element-populated\">\n\t\t\t\t\t\t<div class=\"elementor-element elementor-element-852af11 elementor-widget elementor-widget-heading\" data-id=\"852af11\" data-element_type=\"widget\" data-e-type=\"widget\" data-widget_type=\"heading.default\">\n\t\t\t\t<div class=\"elementor-widget-container\">\n\t\t\t\t\t<h2 class=\"elementor-heading-title elementor-size-default\">Aviso Legal<\/h2>\t\t\t\t<\/div>\n\t\t\t\t<\/div>\n\t\t\t\t<div class=\"elementor-element elementor-element-863909e elementor-widget elementor-widget-text-editor\" data-id=\"863909e\" data-element_type=\"widget\" data-e-type=\"widget\" data-widget_type=\"text-editor.default\">\n\t\t\t\t<div class=\"elementor-widget-container\">\n\t\t\t\t\t\t\t\t\t<p><strong>I. Informaci\u00f3n Legal<\/strong><\/p><p>Francisco Javier Junquera S\u00e1nchez del R\u00edo<\/p><p>Direcci\u00f3n: Camino de las Medinas 945 Santurio, Asturias, Gij\u00f3n, Espa\u00f1a, 33391<\/p><p>Correo electr\u00f3nico de contacto: pjunquera3@gmail.com<\/p><p>N\u00famero de tel\u00e9fono de contacto: +34 686163527<\/p><p>DNI: &#8212;&#8212;&#8212;&#8212;<\/p><p><strong>II. Propiedad Intelectual y Derechos de Autor<\/strong><\/p><p>El contenido de esta p\u00e1gina web, incluyendo, pero sin limitarse a, textos, im\u00e1genes, logotipos, gr\u00e1ficos y otros elementos multimedia, est\u00e1 protegido por leyes de propiedad intelectual y derechos de autor. Todos los derechos sobre estos contenidos est\u00e1n reservados. Queda prohibida la reproducci\u00f3n, distribuci\u00f3n, exhibici\u00f3n, o cualquier otro uso no autorizado de los materiales presentes en este sitio web.<\/p><p><strong>III. Pol\u00edtica de Privacidad<\/strong><\/p><p>Nuestra pol\u00edtica de privacidad se encuentra disponible en https:\/\/jotacan.es\/politica-privacidad\/ . Te recomendamos leer detenidamente esta pol\u00edtica para comprender c\u00f3mo recopilamos, utilizamos y protegemos tus datos personales.<\/p><p><strong>IV. Cookies<\/strong><\/p><p>Esta p\u00e1gina web utiliza cookies para mejorar la experiencia del usuario. Puedes obtener m\u00e1s informaci\u00f3n sobre c\u00f3mo utilizamos las cookies y c\u00f3mo puedes gestionarlas en nuestra Pol\u00edtica de Cookies, disponible en https:\/\/jotacan.es\/politica-de-cookies-ue\/ .<\/p><p><strong>V. Responsabilidad<\/strong><\/p><p>La informaci\u00f3n proporcionada en este sitio web se ofrece de buena fe y con el prop\u00f3sito de brindar informaci\u00f3n general. No nos hacemos responsables por la exactitud, integridad o actualidad de la informaci\u00f3n contenida en estas p\u00e1ginas. Toda la informaci\u00f3n est\u00e1 sujeta a cambios sin previo aviso.<\/p><p><strong>VI. Enlaces a Terceros<\/strong><\/p><p>Esta p\u00e1gina web puede incluir enlaces a sitios web de terceros. No tenemos control sobre el contenido de estos sitios y no nos hacemos responsables de su contenido ni de cualquier da\u00f1o o p\u00e9rdida que puedas sufrir al utilizarlos.<\/p><p><strong>VII. Jurisdicci\u00f3n y Ley Aplicable<\/strong><\/p><p>Este aviso legal se rige por las leyes de la Uni\u00f3n Europea. Cualquier disputa que surja en relaci\u00f3n con este sitio web estar\u00e1 sujeta a la jurisdicci\u00f3n exclusiva de los tribunales competentes dentro de la Uni\u00f3n Europea.<\/p><p><strong>VIII. Contacto<\/strong><\/p><p>Si tienes alguna pregunta o inquietud con respecto a este aviso legal, puedes contactarnos a trav\u00e9s de la direcci\u00f3n de correo electr\u00f3nico pjunquera3@gmail.com o el n\u00famero de tel\u00e9fono +34 686163527 proporcionados anteriormente.<\/p><p>Fecha de la \u00faltima actualizaci\u00f3n: 4 de Enero del 2024<\/p>\t\t\t\t\t\t\t\t<\/div>\n\t\t\t\t<\/div>\n\t\t\t\t\t<\/div>\n\t\t<\/div>\n\t\t\t\t\t<\/div>\n\t\t<\/section>\n\t\t\t\t<\/div>","protected":false},"excerpt":{"rendered":"<p>Aviso Legal I. Informaci\u00f3n Legal Francisco Javier Junquera S\u00e1nchez del R\u00edo Direcci\u00f3n: Camino de las Medinas 945 Santurio, Asturias, Gij\u00f3n, Espa\u00f1a, 33391 Correo electr\u00f3nico de contacto: pjunquera3@gmail.com N\u00famero de tel\u00e9fono de contacto: +34 686163527 DNI: &#8212;&#8212;&#8212;&#8212; II. Propiedad Intelectual y Derechos de Autor El contenido de esta p\u00e1gina web, incluyendo, pero sin limitarse a, textos, [&hellip;]<\/p>\n","protected":false},"author":1,"featured_media":0,"parent":0,"menu_order":0,"comment_status":"closed","ping_status":"closed","template":"","meta":{"site-sidebar-layout":"no-sidebar","site-content-layout":"","ast-site-content-layout":"full-width-container","site-content-style":"default","site-sidebar-style":"default","ast-global-header-display":"","ast-banner-title-visibility":"","ast-main-header-display":"","ast-hfb-above-header-display":"","ast-hfb-below-header-display":"","ast-hfb-mobile-header-display":"","site-post-title":"disabled","ast-breadcrumbs-content":"","ast-featured-img":"disabled","footer-sml-layout":"","ast-disable-related-posts":"","theme-transparent-header-meta":"","adv-header-id-meta":"","stick-header-meta":"","header-above-stick-meta":"","header-main-stick-meta":"","header-below-stick-meta":"","astra-migrate-meta-layouts":"default","ast-page-background-enabled":"default","ast-page-background-meta":{"desktop":{"background-color":"var(--ast-global-color-4)","background-image":"","background-repeat":"repeat","background-position":"center center","background-size":"auto","background-attachment":"scroll","background-type":"","background-media":"","overlay-type":"","overlay-color":"","overlay-opacity":"","overlay-gradient":""},"tablet":{"background-color":"","background-image":"","background-repeat":"repeat","background-position":"center center","background-size":"auto","background-attachment":"scroll","background-type":"","background-media":"","overlay-type":"","overlay-color":"","overlay-opacity":"","overlay-gradient":""},"mobile":{"background-color":"","background-image":"","background-repeat":"repeat","background-position":"center center","background-size":"auto","background-attachment":"scroll","background-type":"","background-media":"","overlay-type":"","overlay-color":"","overlay-opacity":"","overlay-gradient":""}},"ast-content-background-meta":{"desktop":{"background-color":"var(--ast-global-color-5)","background-image":"","background-repeat":"repeat","background-position":"center center","background-size":"auto","background-attachment":"scroll","background-type":"","background-media":"","overlay-type":"","overlay-color":"","overlay-opacity":"","overlay-gradient":""},"tablet":{"background-color":"var(--ast-global-color-5)","background-image":"","background-repeat":"repeat","background-position":"center center","background-size":"auto","background-attachment":"scroll","background-type":"","background-media":"","overlay-type":"","overlay-color":"","overlay-opacity":"","overlay-gradient":""},"mobile":{"background-color":"var(--ast-global-color-5)","background-image":"","background-repeat":"repeat","background-position":"center center","background-size":"auto","background-attachment":"scroll","background-type":"","background-media":"","overlay-type":"","overlay-color":"","overlay-opacity":"","overlay-gradient":""}},"_joinchat":[],"footnotes":""},"class_list":["post-213","page","type-page","status-publish","hentry"],"yoast_head":"<!-- This site is optimized with the Yoast SEO plugin v27.4 - https:\/\/yoast.com\/product\/yoast-seo-wordpress\/ -->\n<title>Aviso Legal - Jotac&aacute;n, Adiestramiento y cuidado canino<\/title>\n<meta name=\"robots\" content=\"index, follow, max-snippet:-1, max-image-preview:large, max-video-preview:-1\" \/>\n<link rel=\"canonical\" href=\"https:\/\/jotacan.es\/en\/aviso-legal\/\" \/>\n<meta property=\"og:locale\" content=\"en_GB\" \/>\n<meta property=\"og:type\" content=\"article\" \/>\n<meta property=\"og:title\" content=\"Aviso Legal - Jotac&aacute;n, Adiestramiento y cuidado canino\" \/>\n<meta property=\"og:description\" content=\"Aviso Legal I. Informaci\u00f3n Legal Francisco Javier Junquera S\u00e1nchez del R\u00edo Direcci\u00f3n: Camino de las Medinas 945 Santurio, Asturias, Gij\u00f3n, Espa\u00f1a, 33391 Correo electr\u00f3nico de contacto: pjunquera3@gmail.com N\u00famero de tel\u00e9fono de contacto: +34 686163527 DNI: &#8212;&#8212;&#8212;&#8212; II. Propiedad Intelectual y Derechos de Autor El contenido de esta p\u00e1gina web, incluyendo, pero sin limitarse a, textos, [&hellip;]\" \/>\n<meta property=\"og:url\" content=\"https:\/\/jotacan.es\/en\/aviso-legal\/\" \/>\n<meta property=\"og:site_name\" content=\"Jotac&aacute;n, Adiestramiento y cuidado canino\" \/>\n<meta property=\"article:modified_time\" content=\"2024-01-05T10:23:29+00:00\" \/>\n<meta name=\"twitter:card\" content=\"summary_large_image\" \/>\n<meta name=\"twitter:label1\" content=\"Estimated reading time\" \/>\n\t<meta name=\"twitter:data1\" content=\"2 minutes\" \/>\n<script type=\"application\/ld+json\" class=\"yoast-schema-graph\">{\"@context\":\"https:\\\/\\\/schema.org\",\"@graph\":[{\"@type\":\"WebPage\",\"@id\":\"https:\\\/\\\/jotacan.es\\\/aviso-legal\\\/\",\"url\":\"https:\\\/\\\/jotacan.es\\\/aviso-legal\\\/\",\"name\":\"Aviso Legal - Jotac&aacute;n, Adiestramiento y cuidado canino\",\"isPartOf\":{\"@id\":\"https:\\\/\\\/jotacan.es\\\/#website\"},\"datePublished\":\"2024-01-04T13:18:16+00:00\",\"dateModified\":\"2024-01-05T10:23:29+00:00\",\"breadcrumb\":{\"@id\":\"https:\\\/\\\/jotacan.es\\\/aviso-legal\\\/#breadcrumb\"},\"inLanguage\":\"en-GB\",\"potentialAction\":[{\"@type\":\"ReadAction\",\"target\":[\"https:\\\/\\\/jotacan.es\\\/aviso-legal\\\/\"]}]},{\"@type\":\"BreadcrumbList\",\"@id\":\"https:\\\/\\\/jotacan.es\\\/aviso-legal\\\/#breadcrumb\",\"itemListElement\":[{\"@type\":\"ListItem\",\"position\":1,\"name\":\"Portada\",\"item\":\"https:\\\/\\\/jotacan.es\\\/\"},{\"@type\":\"ListItem\",\"position\":2,\"name\":\"Aviso Legal\"}]},{\"@type\":\"WebSite\",\"@id\":\"https:\\\/\\\/jotacan.es\\\/#website\",\"url\":\"https:\\\/\\\/jotacan.es\\\/\",\"name\":\"Jotac&aacute;n, Adiestramiento y cuidado canino\",\"description\":\"Especialistas en adiestramiento y cuidado de perros en Asturias\",\"publisher\":{\"@id\":\"https:\\\/\\\/jotacan.es\\\/#organization\"},\"potentialAction\":[{\"@type\":\"SearchAction\",\"target\":{\"@type\":\"EntryPoint\",\"urlTemplate\":\"https:\\\/\\\/jotacan.es\\\/?s={search_term_string}\"},\"query-input\":{\"@type\":\"PropertyValueSpecification\",\"valueRequired\":true,\"valueName\":\"search_term_string\"}}],\"inLanguage\":\"en-GB\"},{\"@type\":\"Organization\",\"@id\":\"https:\\\/\\\/jotacan.es\\\/#organization\",\"name\":\"Jotac&aacute;n, Adiestramiento y cuidado canino\",\"url\":\"https:\\\/\\\/jotacan.es\\\/\",\"logo\":{\"@type\":\"ImageObject\",\"inLanguage\":\"en-GB\",\"@id\":\"https:\\\/\\\/jotacan.es\\\/#\\\/schema\\\/logo\\\/image\\\/\",\"url\":\"https:\\\/\\\/jotacan.es\\\/wp-content\\\/uploads\\\/2024\\\/01\\\/jotacanIcono.png\",\"contentUrl\":\"https:\\\/\\\/jotacan.es\\\/wp-content\\\/uploads\\\/2024\\\/01\\\/jotacanIcono.png\",\"width\":1080,\"height\":1080,\"caption\":\"Jotac&aacute;n, Adiestramiento y cuidado canino\"},\"image\":{\"@id\":\"https:\\\/\\\/jotacan.es\\\/#\\\/schema\\\/logo\\\/image\\\/\"}}]}<\/script>\n<!-- \/ Yoast SEO plugin. -->","yoast_head_json":{"title":"Aviso Legal - Jotac&aacute;n, Adiestramiento y cuidado canino","robots":{"index":"index","follow":"follow","max-snippet":"max-snippet:-1","max-image-preview":"max-image-preview:large","max-video-preview":"max-video-preview:-1"},"canonical":"https:\/\/jotacan.es\/en\/aviso-legal\/","og_locale":"en_GB","og_type":"article","og_title":"Aviso Legal - Jotac&aacute;n, Adiestramiento y cuidado canino","og_description":"Aviso Legal I. Informaci\u00f3n Legal Francisco Javier Junquera S\u00e1nchez del R\u00edo Direcci\u00f3n: Camino de las Medinas 945 Santurio, Asturias, Gij\u00f3n, Espa\u00f1a, 33391 Correo electr\u00f3nico de contacto: pjunquera3@gmail.com N\u00famero de tel\u00e9fono de contacto: +34 686163527 DNI: &#8212;&#8212;&#8212;&#8212; II. Propiedad Intelectual y Derechos de Autor El contenido de esta p\u00e1gina web, incluyendo, pero sin limitarse a, textos, [&hellip;]","og_url":"https:\/\/jotacan.es\/en\/aviso-legal\/","og_site_name":"Jotac&aacute;n, Adiestramiento y cuidado canino","article_modified_time":"2024-01-05T10:23:29+00:00","twitter_card":"summary_large_image","twitter_misc":{"Estimated reading time":"2 minutes"},"schema":{"@context":"https:\/\/schema.org","@graph":[{"@type":"WebPage","@id":"https:\/\/jotacan.es\/aviso-legal\/","url":"https:\/\/jotacan.es\/aviso-legal\/","name":"Aviso Legal - Jotac&aacute;n, Adiestramiento y cuidado canino","isPartOf":{"@id":"https:\/\/jotacan.es\/#website"},"datePublished":"2024-01-04T13:18:16+00:00","dateModified":"2024-01-05T10:23:29+00:00","breadcrumb":{"@id":"https:\/\/jotacan.es\/aviso-legal\/#breadcrumb"},"inLanguage":"en-GB","potentialAction":[{"@type":"ReadAction","target":["https:\/\/jotacan.es\/aviso-legal\/"]}]},{"@type":"BreadcrumbList","@id":"https:\/\/jotacan.es\/aviso-legal\/#breadcrumb","itemListElement":[{"@type":"ListItem","position":1,"name":"Portada","item":"https:\/\/jotacan.es\/"},{"@type":"ListItem","position":2,"name":"Aviso Legal"}]},{"@type":"WebSite","@id":"https:\/\/jotacan.es\/#website","url":"https:\/\/jotacan.es\/","name":"Jotac&aacute;n, Adiestramiento y cuidado canino","description":"Especialistas en adiestramiento y cuidado de perros en Asturias","publisher":{"@id":"https:\/\/jotacan.es\/#organization"},"potentialAction":[{"@type":"SearchAction","target":{"@type":"EntryPoint","urlTemplate":"https:\/\/jotacan.es\/?s={search_term_string}"},"query-input":{"@type":"PropertyValueSpecification","valueRequired":true,"valueName":"search_term_string"}}],"inLanguage":"en-GB"},{"@type":"Organization","@id":"https:\/\/jotacan.es\/#organization","name":"Jotac&aacute;n, Adiestramiento y cuidado canino","url":"https:\/\/jotacan.es\/","logo":{"@type":"ImageObject","inLanguage":"en-GB","@id":"https:\/\/jotacan.es\/#\/schema\/logo\/image\/","url":"https:\/\/jotacan.es\/wp-content\/uploads\/2024\/01\/jotacanIcono.png","contentUrl":"https:\/\/jotacan.es\/wp-content\/uploads\/2024\/01\/jotacanIcono.png","width":1080,"height":1080,"caption":"Jotac&aacute;n, Adiestramiento y cuidado canino"},"image":{"@id":"https:\/\/jotacan.es\/#\/schema\/logo\/image\/"}}]}},"_links":{"self":[{"href":"https:\/\/jotacan.es\/en\/wp-json\/wp\/v2\/pages\/213","targetHints":{"allow":["GET"]}}],"collection":[{"href":"https:\/\/jotacan.es\/en\/wp-json\/wp\/v2\/pages"}],"about":[{"href":"https:\/\/jotacan.es\/en\/wp-json\/wp\/v2\/types\/page"}],"author":[{"embeddable":true,"href":"https:\/\/jotacan.es\/en\/wp-json\/wp\/v2\/users\/1"}],"replies":[{"embeddable":true,"href":"https:\/\/jotacan.es\/en\/wp-json\/wp\/v2\/comments?post=213"}],"version-history":[{"count":16,"href":"https:\/\/jotacan.es\/en\/wp-json\/wp\/v2\/pages\/213\/revisions"}],"predecessor-version":[{"id":406,"href":"https:\/\/jotacan.es\/en\/wp-json\/wp\/v2\/pages\/213\/revisions\/406"}],"wp:attachment":[{"href":"https:\/\/jotacan.es\/en\/wp-json\/wp\/v2\/media?parent=213"}],"curies":[{"name":"wp","href":"https:\/\/api.w.org\/{rel}","templated":true}]}}